{"id":4,"date":"2015-09-14T14:29:04","date_gmt":"2015-09-14T12:29:04","guid":{"rendered":"http:\/\/www.twupack.works\/lebenskunst\/?page_id=4"},"modified":"2016-09-08T20:36:39","modified_gmt":"2016-09-08T18:36:39","slug":"startseite","status":"publish","type":"page","link":"https:\/\/www.twupack.works\/lebenskunst\/","title":{"rendered":"Startseite"},"content":{"rendered":"<p>Hallo lieber Mit-Mensch,<\/p>\n<p>herzlich willkommen auf Deiner Internetplattform der Lebenskunst.<br \/>\nSch\u00f6n, dass Du hier angekommen bist!<br \/>\nWarum, dass wei\u00dft nur Du allein!<br \/>\nVielleicht bist Du noch auf der Suche oder vielleicht willst Du etwas in Bewegung bringen???<\/p>\n<p>Derzeit stehst Du nur noch einen kleinen Schritt au\u00dferhalb des Clubs von und f\u00fcr \u201eLebenskunst\u201c!<\/p>\n<p>\u00dcber das Kontaktformular kannst Du frei und willig (freiwillig), also Deinem freien Willen folgend, dem Lebenskunst-Club beitreten.<\/p>\n<p>Sei jedoch gewarnt, oder besser in freudiger Erwartung, denn hier ist nichts so wie es auf den ersten Blick zu sein scheint!<\/p>\n<p>Lebenskunst ist einfach &#8211; 1 Fach der Einfachheit, so \u00e4hnlich wie die Schulf\u00e4cher, die wir als Kinder in der Schule besuchen mussten.<\/p>\n<p>Jedoch gibt es hier nur einige wenige Dinge zu beachten (nicht auswendig zu lernen), damit jeder Mensch, der es von Herzen m\u00f6chte, die freudevolle hohe Kunst des LEBENS auch praktizieren kann.<\/p>\n<p>Um diese wenigen Dinge zu vertiefen und zu festigen, oder \u201eAnf\u00e4ngern\u201c liebevoll zur Seite zu stehen , haben sich die Macher\/Organisatoren des Clubs, jetzt in diesen Zeiten der Menschheitsgeschichte entschieden, dieses Onlineportal zu er\u00f6ffnen.<\/p>\n<p>Ziel des Lebenskunst-Clubs ist es, das LEBEN in seiner komplexen Weise und F\u00fclle anderen Menschen zu offenbaren, damit denjenigen, welchen es bestimmt ist, die Kopf gesteuerte Kompliziertheit, Angst und den Kampf, auf welche gerade heute die Machthaber mehr den je ihre Dressur in den herk\u00f6mmlichen Schulen ausgerichtet haben, \u00fcberwinden zu k\u00f6nnen und sich einfach wieder frei zu ent-wickeln!<\/p>\n<p>Unsere, \u00fcber die verschiedenen Links im Club zu erreichenden Partner der bunten Palette des Lebens, zeichnen sich durch von uns gepr\u00fcfte Qualit\u00e4ten aus.<br \/>\nSie entsprechen genau unseren Vorstellungen von einem erf\u00fcllten, ganzheitlichen Leben (also praktizierter Lebenskunst).<\/p>\n<p>Diese sind unter anderem Selbstwertgef\u00fchl und Freiheitsliebe, Naturverst\u00e4ndnis, Ehrlichkeit, friedvolles Miteinander, so wie der unbeirrbare Wille, diesen Planeten, unsere Erde, lebenswert zu erhalten bzw. sch\u00f6pferisch sch\u00f6ner zu gestalten, als wir ihn durch die Taten unserer Vorfahren und ihrer jeweiligen Machthaber \u00fcbernommen haben.<\/p>\n<p>In diesem Sinne freuen wir uns, \u00fcber Dein \u201ehier und so SEIN\u201c und w\u00fcnschen Dir viel Freude bei uns in Deinem CLUB<\/p>\n<\/p>\n<p>In Harmonie &#8211; Siegfried + LICHT<\/p>\n","protected":false},"excerpt":{"rendered":"<p>Hallo lieber Mit-Mensch, herzlich willkommen auf Deiner Internetplattform der Lebenskunst. Sch\u00f6n, dass Du hier angekommen bist! Warum, dass wei\u00dft nur Du allein! Vielleicht bist Du noch auf der Suche oder vielleicht willst Du etwas in Bewegung bringen??? Derzeit stehst Du nur noch einen kleinen Schritt au\u00dferhalb des Clubs von und \u2026 <a class=\"continue-reading-link\" href=\"https:\/\/www.twupack.works\/lebenskunst\/\"> Continue reading <span class=\"meta-nav\">&rarr; <\/span><\/a><\/p>\n","protected":false},"author":1,"featured_media":0,"parent":0,"menu_order":0,"comment_status":"closed","ping_status":"closed","template":"template-threecolumns-center.php","meta":{"footnotes":""},"_links":{"self":[{"href":"https:\/\/www.twupack.works\/lebenskunst\/wp-json\/wp\/v2\/pages\/4"}],"collection":[{"href":"https:\/\/www.twupack.works\/lebenskunst\/wp-json\/wp\/v2\/pages"}],"about":[{"href":"https:\/\/www.twupack.works\/lebenskunst\/wp-json\/wp\/v2\/types\/page"}],"author":[{"embeddable":true,"href":"https:\/\/www.twupack.works\/lebenskunst\/wp-json\/wp\/v2\/users\/1"}],"replies":[{"embeddable":true,"href":"https:\/\/www.twupack.works\/lebenskunst\/wp-json\/wp\/v2\/comments?post=4"}],"version-history":[{"count":3,"href":"https:\/\/www.twupack.works\/lebenskunst\/wp-json\/wp\/v2\/pages\/4\/revisions"}],"predecessor-version":[{"id":25,"href":"https:\/\/www.twupack.works\/lebenskunst\/wp-json\/wp\/v2\/pages\/4\/revisions\/25"}],"wp:attachment":[{"href":"https:\/\/www.twupack.works\/lebenskunst\/wp-json\/wp\/v2\/media?parent=4"}],"curies":[{"name":"wp","href":"https:\/\/api.w.org\/{rel}","templated":true}]}}